{"id":103851,"date":"2023-04-07T12:21:12","date_gmt":"2023-04-07T12:21:12","guid":{"rendered":"https:\/\/shortleaseland-dealerleasing-wpn.acceptatie.indicia-interactiv.nl\/?page_id=103851"},"modified":"2024-11-07T12:25:46","modified_gmt":"2024-11-07T10:25:46","slug":"geen-jaarcijfers-nodig","status":"publish","type":"page","link":"https:\/\/shortleaseland-dealerleasing-wpn.acceptatie.indicia-interactiv.nl\/fr\/geen-jaarcijfers-nodig\/","title":{"rendered":"Pas de chiffres annuels requis"},"content":{"rendered":"","protected":false},"excerpt":{"rendered":"","protected":false},"author":28,"featured_media":0,"parent":0,"menu_order":0,"comment_status":"closed","ping_status":"closed","template":"","meta":{"_acf_changed":false,"footnotes":""},"class_list":["post-103851","page","type-page","status-publish","hentry"],"acf":[],"yoast_head":"<!-- This site is optimized with the Yoast SEO plugin v27.2 - https:\/\/yoast.com\/product\/yoast-seo-wordpress\/ -->\n<title>Geen jaarcijfers nodig - Shortleaseland<\/title>\n<meta name=\"description\" content=\"Bij Shortleaseland heb je geen jaarcijfers nodig, ontvang je binnen 5 min een offerte en is levering in heel Nederland mogelijk.\" \/>\n<meta name=\"robots\" content=\"noindex, follow, max-snippet:-1, max-image-preview:large, max-video-preview:-1\" \/>\n<meta property=\"og:locale\" content=\"fr_FR\" \/>\n<meta property=\"og:type\" content=\"article\" \/>\n<meta property=\"og:title\" content=\"Geen jaarcijfers nodig - Shortleaseland\" \/>\n<meta property=\"og:description\" content=\"Bij Shortleaseland heb je geen jaarcijfers nodig, ontvang je binnen 5 min een offerte en is levering in heel Nederland mogelijk.\" \/>\n<meta property=\"og:url\" content=\"https:\/\/shortleaseland-dealerleasing-wpn.acceptatie.indicia-interactiv.nl\/fr\/geen-jaarcijfers-nodig\/\" \/>\n<meta property=\"og:site_name\" content=\"Shortleaseland\" \/>\n<meta property=\"article:modified_time\" content=\"2024-11-07T10:25:46+00:00\" \/>\n<meta name=\"twitter:card\" content=\"summary_large_image\" \/>\n<script type=\"application\/ld+json\" class=\"yoast-schema-graph\">{\"@context\":\"https:\/\/schema.org\",\"@graph\":[{\"@type\":\"WebPage\",\"@id\":\"https:\/\/shortleaseland-dealerleasing-wpn.acceptatie.indicia-interactiv.nl\/geen-jaarcijfers-nodig\/\",\"url\":\"https:\/\/shortleaseland-dealerleasing-wpn.acceptatie.indicia-interactiv.nl\/geen-jaarcijfers-nodig\/\",\"name\":\"Geen jaarcijfers nodig - Shortleaseland\",\"isPartOf\":{\"@id\":\"https:\/\/shortleaseland-dealerleasing-wpn.acceptatie.indicia-interactiv.nl\/#website\"},\"datePublished\":\"2023-04-07T12:21:12+00:00\",\"dateModified\":\"2024-11-07T10:25:46+00:00\",\"description\":\"Bij Shortleaseland heb je geen jaarcijfers nodig, ontvang je binnen 5 min een offerte en is levering in heel Nederland mogelijk.\",\"breadcrumb\":{\"@id\":\"https:\/\/shortleaseland-dealerleasing-wpn.acceptatie.indicia-interactiv.nl\/geen-jaarcijfers-nodig\/#breadcrumb\"},\"inLanguage\":\"fr-FR\",\"potentialAction\":[{\"@type\":\"ReadAction\",\"target\":[\"https:\/\/shortleaseland-dealerleasing-wpn.acceptatie.indicia-interactiv.nl\/geen-jaarcijfers-nodig\/\"]}]},{\"@type\":\"BreadcrumbList\",\"@id\":\"https:\/\/shortleaseland-dealerleasing-wpn.acceptatie.indicia-interactiv.nl\/geen-jaarcijfers-nodig\/#breadcrumb\",\"itemListElement\":[{\"@type\":\"ListItem\",\"position\":1,\"name\":\"Home\",\"item\":\"https:\/\/shortleaseland-dealerleasing-wpn.acceptatie.indicia-interactiv.nl\/\"},{\"@type\":\"ListItem\",\"position\":2,\"name\":\"Geen jaarcijfers nodig\"}]},{\"@type\":\"WebSite\",\"@id\":\"https:\/\/shortleaseland-dealerleasing-wpn.acceptatie.indicia-interactiv.nl\/#website\",\"url\":\"https:\/\/shortleaseland-dealerleasing-wpn.acceptatie.indicia-interactiv.nl\/\",\"name\":\"Shortleaseland\",\"description\":\"Bij Shortleaseland lease je een bedrijfswagen of personenauto tegen een zeer scherp tarief.\",\"potentialAction\":[{\"@type\":\"SearchAction\",\"target\":{\"@type\":\"EntryPoint\",\"urlTemplate\":\"https:\/\/shortleaseland-dealerleasing-wpn.acceptatie.indicia-interactiv.nl\/?s={search_term_string}\"},\"query-input\":{\"@type\":\"PropertyValueSpecification\",\"valueRequired\":true,\"valueName\":\"search_term_string\"}}],\"inLanguage\":\"fr-FR\"}]}<\/script>\n<!-- \/ Yoast SEO plugin. -->","yoast_head_json":{"title":"Geen jaarcijfers nodig - Shortleaseland","description":"Bij Shortleaseland heb je geen jaarcijfers nodig, ontvang je binnen 5 min een offerte en is levering in heel Nederland mogelijk.","robots":{"index":"noindex","follow":"follow","max-snippet":"max-snippet:-1","max-image-preview":"max-image-preview:large","max-video-preview":"max-video-preview:-1"},"og_locale":"fr_FR","og_type":"article","og_title":"Geen jaarcijfers nodig - Shortleaseland","og_description":"Bij Shortleaseland heb je geen jaarcijfers nodig, ontvang je binnen 5 min een offerte en is levering in heel Nederland mogelijk.","og_url":"https:\/\/shortleaseland-dealerleasing-wpn.acceptatie.indicia-interactiv.nl\/fr\/geen-jaarcijfers-nodig\/","og_site_name":"Shortleaseland","article_modified_time":"2024-11-07T10:25:46+00:00","twitter_card":"summary_large_image","schema":{"@context":"https:\/\/schema.org","@graph":[{"@type":"WebPage","@id":"https:\/\/shortleaseland-dealerleasing-wpn.acceptatie.indicia-interactiv.nl\/geen-jaarcijfers-nodig\/","url":"https:\/\/shortleaseland-dealerleasing-wpn.acceptatie.indicia-interactiv.nl\/geen-jaarcijfers-nodig\/","name":"Geen jaarcijfers nodig - Shortleaseland","isPartOf":{"@id":"https:\/\/shortleaseland-dealerleasing-wpn.acceptatie.indicia-interactiv.nl\/#website"},"datePublished":"2023-04-07T12:21:12+00:00","dateModified":"2024-11-07T10:25:46+00:00","description":"Bij Shortleaseland heb je geen jaarcijfers nodig, ontvang je binnen 5 min een offerte en is levering in heel Nederland mogelijk.","breadcrumb":{"@id":"https:\/\/shortleaseland-dealerleasing-wpn.acceptatie.indicia-interactiv.nl\/geen-jaarcijfers-nodig\/#breadcrumb"},"inLanguage":"fr-FR","potentialAction":[{"@type":"ReadAction","target":["https:\/\/shortleaseland-dealerleasing-wpn.acceptatie.indicia-interactiv.nl\/geen-jaarcijfers-nodig\/"]}]},{"@type":"BreadcrumbList","@id":"https:\/\/shortleaseland-dealerleasing-wpn.acceptatie.indicia-interactiv.nl\/geen-jaarcijfers-nodig\/#breadcrumb","itemListElement":[{"@type":"ListItem","position":1,"name":"Home","item":"https:\/\/shortleaseland-dealerleasing-wpn.acceptatie.indicia-interactiv.nl\/"},{"@type":"ListItem","position":2,"name":"Geen jaarcijfers nodig"}]},{"@type":"WebSite","@id":"https:\/\/shortleaseland-dealerleasing-wpn.acceptatie.indicia-interactiv.nl\/#website","url":"https:\/\/shortleaseland-dealerleasing-wpn.acceptatie.indicia-interactiv.nl\/","name":"Shortleaseland","description":"Chez Shortleaseland, vous pouvez louer un v\u00e9hicule utilitaire ou une voiture de tourisme \u00e0 un tarif tr\u00e8s comp\u00e9titif.","potentialAction":[{"@type":"SearchAction","target":{"@type":"EntryPoint","urlTemplate":"https:\/\/shortleaseland-dealerleasing-wpn.acceptatie.indicia-interactiv.nl\/?s={search_term_string}"},"query-input":{"@type":"PropertyValueSpecification","valueRequired":true,"valueName":"search_term_string"}}],"inLanguage":"fr-FR"}]}},"_links":{"self":[{"href":"https:\/\/shortleaseland-dealerleasing-wpn.acceptatie.indicia-interactiv.nl\/fr\/wp-json\/wp\/v2\/pages\/103851","targetHints":{"allow":["GET"]}}],"collection":[{"href":"https:\/\/shortleaseland-dealerleasing-wpn.acceptatie.indicia-interactiv.nl\/fr\/wp-json\/wp\/v2\/pages"}],"about":[{"href":"https:\/\/shortleaseland-dealerleasing-wpn.acceptatie.indicia-interactiv.nl\/fr\/wp-json\/wp\/v2\/types\/page"}],"author":[{"embeddable":true,"href":"https:\/\/shortleaseland-dealerleasing-wpn.acceptatie.indicia-interactiv.nl\/fr\/wp-json\/wp\/v2\/users\/28"}],"replies":[{"embeddable":true,"href":"https:\/\/shortleaseland-dealerleasing-wpn.acceptatie.indicia-interactiv.nl\/fr\/wp-json\/wp\/v2\/comments?post=103851"}],"version-history":[{"count":9,"href":"https:\/\/shortleaseland-dealerleasing-wpn.acceptatie.indicia-interactiv.nl\/fr\/wp-json\/wp\/v2\/pages\/103851\/revisions"}],"predecessor-version":[{"id":147400,"href":"https:\/\/shortleaseland-dealerleasing-wpn.acceptatie.indicia-interactiv.nl\/fr\/wp-json\/wp\/v2\/pages\/103851\/revisions\/147400"}],"wp:attachment":[{"href":"https:\/\/shortleaseland-dealerleasing-wpn.acceptatie.indicia-interactiv.nl\/fr\/wp-json\/wp\/v2\/media?parent=103851"}],"curies":[{"name":"wp","href":"https:\/\/api.w.org\/{rel}","templated":true}]}}