{"id":4544,"date":"2022-02-24T09:56:02","date_gmt":"2022-02-24T09:56:02","guid":{"rendered":"https:\/\/dealerleasing-wpn.acceptatie.indicia-interactiv.nl\/?page_id=4544"},"modified":"2024-12-03T13:51:06","modified_gmt":"2024-12-03T11:51:06","slug":"veelgestelde-vragen","status":"publish","type":"page","link":"https:\/\/shortleaseland-dealerleasing-wpn.acceptatie.indicia-interactiv.nl\/fr\/veelgestelde-vragen\/","title":{"rendered":"Questions fr\u00e9quentes"},"content":{"rendered":"<p><span style=\"font-weight: 400;\">L'entretien est inclus dans votre contrat de leasing court, vous n'avez donc pas \u00e0 vous soucier de co\u00fbts suppl\u00e9mentaires. Derri\u00e8re le pare-soleil, vous trouverez une carte d'entretien indiquant le nombre de kilom\u00e8tres \u00e0 partir duquel votre voiture devra \u00eatre r\u00e9vis\u00e9e. Certaines voitures affichent \u00e9galement un message sur le tableau de bord indiquant que la voiture a besoin d'un entretien.\u00a0<\/span><\/p>\n<p>&nbsp;<\/p>\n<p><span style=\"font-weight: 400;\">Vous pouvez facilement demander un entretien via le site. L'un de nos collaborateurs vous contactera alors pour fixer la date de l'entretien.<\/span><\/p>\n<p><span style=\"font-weight: 400;\">[<\/span><b>DEMANDE D&#039;ENTRETIEN]<\/b><\/p>","protected":false},"excerpt":{"rendered":"<p>La maintenance est incluse dans votre contrat de location courte dur\u00e9e, vous n&#039;avez donc pas \u00e0 vous soucier de frais suppl\u00e9mentaires. Derri\u00e8re le pare-soleil, vous trouverez une carte d&#039;entretien indiquant le nombre de kilom\u00e8tres auxquels votre voiture n\u00e9cessite \u00e0 nouveau un entretien. Certaines voitures affichent \u00e9galement un message sur le tableau de bord indiquant que la voiture<\/p>","protected":false},"author":9,"featured_media":0,"parent":0,"menu_order":0,"comment_status":"closed","ping_status":"closed","template":"","meta":{"_acf_changed":false,"footnotes":""},"class_list":["post-4544","page","type-page","status-publish","hentry"],"acf":[],"yoast_head":"<!-- This site is optimized with the Yoast SEO plugin v27.2 - https:\/\/yoast.com\/product\/yoast-seo-wordpress\/ -->\n<title>Veelgestelde vragen - Shortleaseland<\/title>\n<meta name=\"description\" content=\"Heb je een vraag? Bekijk dan hier onze veelgestelde vragen. Staat jouw vraag er niet tussen? Neem dan contact met ons op.\" \/>\n<meta name=\"robots\" content=\"noindex, follow, max-snippet:-1, max-image-preview:large, max-video-preview:-1\" \/>\n<meta property=\"og:locale\" content=\"fr_FR\" \/>\n<meta property=\"og:type\" content=\"article\" \/>\n<meta property=\"og:title\" content=\"Veelgestelde vragen - Shortleaseland\" \/>\n<meta property=\"og:description\" content=\"Heb je een vraag? Bekijk dan hier onze veelgestelde vragen. Staat jouw vraag er niet tussen? Neem dan contact met ons op.\" \/>\n<meta property=\"og:url\" content=\"https:\/\/shortleaseland-dealerleasing-wpn.acceptatie.indicia-interactiv.nl\/fr\/veelgestelde-vragen\/\" \/>\n<meta property=\"og:site_name\" content=\"Shortleaseland\" \/>\n<meta property=\"article:modified_time\" content=\"2024-12-03T11:51:06+00:00\" \/>\n<meta name=\"twitter:card\" content=\"summary_large_image\" \/>\n<meta name=\"twitter:label1\" content=\"Est. reading time\" \/>\n\t<meta name=\"twitter:data1\" content=\"1 minute\" \/>\n<script type=\"application\/ld+json\" class=\"yoast-schema-graph\">{\"@context\":\"https:\/\/schema.org\",\"@graph\":[{\"@type\":\"WebPage\",\"@id\":\"https:\/\/shortleaseland-dealerleasing-wpn.acceptatie.indicia-interactiv.nl\/veelgestelde-vragen\/\",\"url\":\"https:\/\/shortleaseland-dealerleasing-wpn.acceptatie.indicia-interactiv.nl\/veelgestelde-vragen\/\",\"name\":\"Veelgestelde vragen - Shortleaseland\",\"isPartOf\":{\"@id\":\"https:\/\/shortleaseland-dealerleasing-wpn.acceptatie.indicia-interactiv.nl\/#website\"},\"datePublished\":\"2022-02-24T09:56:02+00:00\",\"dateModified\":\"2024-12-03T11:51:06+00:00\",\"description\":\"Heb je een vraag? Bekijk dan hier onze veelgestelde vragen. Staat jouw vraag er niet tussen? Neem dan contact met ons op.\",\"breadcrumb\":{\"@id\":\"https:\/\/shortleaseland-dealerleasing-wpn.acceptatie.indicia-interactiv.nl\/veelgestelde-vragen\/#breadcrumb\"},\"inLanguage\":\"fr-FR\",\"potentialAction\":[{\"@type\":\"ReadAction\",\"target\":[\"https:\/\/shortleaseland-dealerleasing-wpn.acceptatie.indicia-interactiv.nl\/veelgestelde-vragen\/\"]}]},{\"@type\":\"BreadcrumbList\",\"@id\":\"https:\/\/shortleaseland-dealerleasing-wpn.acceptatie.indicia-interactiv.nl\/veelgestelde-vragen\/#breadcrumb\",\"itemListElement\":[{\"@type\":\"ListItem\",\"position\":1,\"name\":\"Home\",\"item\":\"https:\/\/shortleaseland-dealerleasing-wpn.acceptatie.indicia-interactiv.nl\/\"},{\"@type\":\"ListItem\",\"position\":2,\"name\":\"Veelgestelde vragen\"}]},{\"@type\":\"WebSite\",\"@id\":\"https:\/\/shortleaseland-dealerleasing-wpn.acceptatie.indicia-interactiv.nl\/#website\",\"url\":\"https:\/\/shortleaseland-dealerleasing-wpn.acceptatie.indicia-interactiv.nl\/\",\"name\":\"Shortleaseland\",\"description\":\"Bij Shortleaseland lease je een bedrijfswagen of personenauto tegen een zeer scherp tarief.\",\"potentialAction\":[{\"@type\":\"SearchAction\",\"target\":{\"@type\":\"EntryPoint\",\"urlTemplate\":\"https:\/\/shortleaseland-dealerleasing-wpn.acceptatie.indicia-interactiv.nl\/?s={search_term_string}\"},\"query-input\":{\"@type\":\"PropertyValueSpecification\",\"valueRequired\":true,\"valueName\":\"search_term_string\"}}],\"inLanguage\":\"fr-FR\"}]}<\/script>\n<!-- \/ Yoast SEO plugin. -->","yoast_head_json":{"title":"Veelgestelde vragen - Shortleaseland","description":"Heb je een vraag? Bekijk dan hier onze veelgestelde vragen. Staat jouw vraag er niet tussen? Neem dan contact met ons op.","robots":{"index":"noindex","follow":"follow","max-snippet":"max-snippet:-1","max-image-preview":"max-image-preview:large","max-video-preview":"max-video-preview:-1"},"og_locale":"fr_FR","og_type":"article","og_title":"Veelgestelde vragen - Shortleaseland","og_description":"Heb je een vraag? Bekijk dan hier onze veelgestelde vragen. Staat jouw vraag er niet tussen? Neem dan contact met ons op.","og_url":"https:\/\/shortleaseland-dealerleasing-wpn.acceptatie.indicia-interactiv.nl\/fr\/veelgestelde-vragen\/","og_site_name":"Shortleaseland","article_modified_time":"2024-12-03T11:51:06+00:00","twitter_card":"summary_large_image","twitter_misc":{"Est. reading time":"1 minute"},"schema":{"@context":"https:\/\/schema.org","@graph":[{"@type":"WebPage","@id":"https:\/\/shortleaseland-dealerleasing-wpn.acceptatie.indicia-interactiv.nl\/veelgestelde-vragen\/","url":"https:\/\/shortleaseland-dealerleasing-wpn.acceptatie.indicia-interactiv.nl\/veelgestelde-vragen\/","name":"Veelgestelde vragen - Shortleaseland","isPartOf":{"@id":"https:\/\/shortleaseland-dealerleasing-wpn.acceptatie.indicia-interactiv.nl\/#website"},"datePublished":"2022-02-24T09:56:02+00:00","dateModified":"2024-12-03T11:51:06+00:00","description":"Heb je een vraag? Bekijk dan hier onze veelgestelde vragen. Staat jouw vraag er niet tussen? Neem dan contact met ons op.","breadcrumb":{"@id":"https:\/\/shortleaseland-dealerleasing-wpn.acceptatie.indicia-interactiv.nl\/veelgestelde-vragen\/#breadcrumb"},"inLanguage":"fr-FR","potentialAction":[{"@type":"ReadAction","target":["https:\/\/shortleaseland-dealerleasing-wpn.acceptatie.indicia-interactiv.nl\/veelgestelde-vragen\/"]}]},{"@type":"BreadcrumbList","@id":"https:\/\/shortleaseland-dealerleasing-wpn.acceptatie.indicia-interactiv.nl\/veelgestelde-vragen\/#breadcrumb","itemListElement":[{"@type":"ListItem","position":1,"name":"Home","item":"https:\/\/shortleaseland-dealerleasing-wpn.acceptatie.indicia-interactiv.nl\/"},{"@type":"ListItem","position":2,"name":"Veelgestelde vragen"}]},{"@type":"WebSite","@id":"https:\/\/shortleaseland-dealerleasing-wpn.acceptatie.indicia-interactiv.nl\/#website","url":"https:\/\/shortleaseland-dealerleasing-wpn.acceptatie.indicia-interactiv.nl\/","name":"Shortleaseland","description":"Chez Shortleaseland, vous pouvez louer un v\u00e9hicule utilitaire ou une voiture de tourisme \u00e0 un tarif tr\u00e8s comp\u00e9titif.","potentialAction":[{"@type":"SearchAction","target":{"@type":"EntryPoint","urlTemplate":"https:\/\/shortleaseland-dealerleasing-wpn.acceptatie.indicia-interactiv.nl\/?s={search_term_string}"},"query-input":{"@type":"PropertyValueSpecification","valueRequired":true,"valueName":"search_term_string"}}],"inLanguage":"fr-FR"}]}},"_links":{"self":[{"href":"https:\/\/shortleaseland-dealerleasing-wpn.acceptatie.indicia-interactiv.nl\/fr\/wp-json\/wp\/v2\/pages\/4544","targetHints":{"allow":["GET"]}}],"collection":[{"href":"https:\/\/shortleaseland-dealerleasing-wpn.acceptatie.indicia-interactiv.nl\/fr\/wp-json\/wp\/v2\/pages"}],"about":[{"href":"https:\/\/shortleaseland-dealerleasing-wpn.acceptatie.indicia-interactiv.nl\/fr\/wp-json\/wp\/v2\/types\/page"}],"author":[{"embeddable":true,"href":"https:\/\/shortleaseland-dealerleasing-wpn.acceptatie.indicia-interactiv.nl\/fr\/wp-json\/wp\/v2\/users\/9"}],"replies":[{"embeddable":true,"href":"https:\/\/shortleaseland-dealerleasing-wpn.acceptatie.indicia-interactiv.nl\/fr\/wp-json\/wp\/v2\/comments?post=4544"}],"version-history":[{"count":50,"href":"https:\/\/shortleaseland-dealerleasing-wpn.acceptatie.indicia-interactiv.nl\/fr\/wp-json\/wp\/v2\/pages\/4544\/revisions"}],"predecessor-version":[{"id":147533,"href":"https:\/\/shortleaseland-dealerleasing-wpn.acceptatie.indicia-interactiv.nl\/fr\/wp-json\/wp\/v2\/pages\/4544\/revisions\/147533"}],"wp:attachment":[{"href":"https:\/\/shortleaseland-dealerleasing-wpn.acceptatie.indicia-interactiv.nl\/fr\/wp-json\/wp\/v2\/media?parent=4544"}],"curies":[{"name":"wp","href":"https:\/\/api.w.org\/{rel}","templated":true}]}}